{"id":7,"date":"2019-01-28T14:31:58","date_gmt":"2019-01-28T13:31:58","guid":{"rendered":"http:\/\/fabricejuan.test\/?page_id=7"},"modified":"2023-03-10T12:05:25","modified_gmt":"2023-03-10T11:05:25","slug":"archive-interiors","status":"publish","type":"page","link":"https:\/\/www.fabricejuan.com\/fr\/archive-interiors\/","title":{"rendered":"Interiors"},"content":{"rendered":"\t\t<div data-elementor-type=\"wp-post\" data-elementor-id=\"7\" class=\"elementor elementor-7\">\n\t\t\t\t\t\t<div class=\"elementor-inner\">\n\t\t\t\t<div class=\"elementor-section-wrap\">\n\t\t\t\t\t\t\t\t\t<section class=\"elementor-section elementor-top-section elementor-element elementor-element-5ceb55e0 elementor-section-full_width elementor-section-height-default elementor-section-height-default\" data-id=\"5ceb55e0\" data-element_type=\"section\">\n\t\t\t\t\t\t<div class=\"elementor-container elementor-column-gap-no\">\n\t\t\t\t\t\t\t<div class=\"elementor-row\">\n\t\t\t\t\t<div class=\"elementor-column elementor-col-50 elementor-top-column elementor-element elementor-element-48045bfa\" data-id=\"48045bfa\" data-element_type=\"column\">\n\t\t\t<div class=\"elementor-column-wrap elementor-element-populated\">\n\t\t\t\t\t\t\t<div class=\"elementor-widget-wrap\">\n\t\t\t\t\t\t<div class=\"elementor-element elementor-element-ae3ddb0 elementor-widget elementor-widget-fabrice-juan-single-interior\" data-id=\"ae3ddb0\" data-element_type=\"widget\" data-widget_type=\"fabrice-juan-single-interior.default\">\n\t\t\t\t<div class=\"elementor-widget-container\">\n\t\t\t\r\n            <article class=\"widget-single widget-single_interior\">\r\n                <a href=\"https:\/\/www.fabricejuan.com\/fr\/interiors\/magellan\/\" class=\"widget-single--link\">\r\n                    <div class=\"widget-single--title\">\r\n                        <h1>Magellan<\/h1>\n<p class=\"p1\">Des accents seventies<\/p>\n                    \r\n                    <\/div>      \r\n                    <img decoding=\"async\" src=\"https:\/\/www.fabricejuan.com\/wp-content\/uploads\/2023\/03\/fabricejuan-homme-carre-01-952x954.jpg\" class=\"widget-single--image-preview\">\r\n                <\/a>\r\n            <\/article>\t\t<\/div>\n\t\t\t\t<\/div>\n\t\t\t\t\t\t<\/div>\n\t\t\t\t\t<\/div>\n\t\t<\/div>\n\t\t\t\t<div class=\"elementor-column elementor-col-50 elementor-top-column elementor-element elementor-element-82a1a67\" data-id=\"82a1a67\" data-element_type=\"column\">\n\t\t\t<div class=\"elementor-column-wrap elementor-element-populated\">\n\t\t\t\t\t\t\t<div class=\"elementor-widget-wrap\">\n\t\t\t\t\t\t<div class=\"elementor-element elementor-element-a128d5c elementor-widget elementor-widget-fabrice-juan-single-interior\" data-id=\"a128d5c\" data-element_type=\"widget\" data-widget_type=\"fabrice-juan-single-interior.default\">\n\t\t\t\t<div class=\"elementor-widget-container\">\n\t\t\t\r\n            <article class=\"widget-single widget-single_interior\">\r\n                <a href=\"https:\/\/www.fabricejuan.com\/fr\/interiors\/iena-appartement-haute-couture\/\" class=\"widget-single--link\">\r\n                    <div class=\"widget-single--title\">\r\n                        <h1>I\u00e9na<\/h1>\n<p class=\"p1\">Un appartement haute-couture<\/p>\n                    \r\n                    <\/div>      \r\n                    <img decoding=\"async\" src=\"https:\/\/www.fabricejuan.com\/wp-content\/uploads\/2019\/01\/IENA_14-952x954.png\" class=\"widget-single--image-preview\">\r\n                <\/a>\r\n            <\/article>\t\t<\/div>\n\t\t\t\t<\/div>\n\t\t\t\t\t\t<\/div>\n\t\t\t\t\t<\/div>\n\t\t<\/div>\n\t\t\t\t\t\t\t\t<\/div>\n\t\t\t\t\t<\/div>\n\t\t<\/section>\n\t\t\t\t<section class=\"elementor-section elementor-top-section elementor-element elementor-element-9462d90 elementor-section-full_width elementor-section-height-default elementor-section-height-default\" data-id=\"9462d90\" data-element_type=\"section\">\n\t\t\t\t\t\t<div class=\"elementor-container elementor-column-gap-no\">\n\t\t\t\t\t\t\t<div class=\"elementor-row\">\n\t\t\t\t\t<div class=\"elementor-column elementor-col-50 elementor-top-column elementor-element elementor-element-7a6a359\" data-id=\"7a6a359\" data-element_type=\"column\">\n\t\t\t<div class=\"elementor-column-wrap elementor-element-populated\">\n\t\t\t\t\t\t\t<div class=\"elementor-widget-wrap\">\n\t\t\t\t\t\t<div class=\"elementor-element elementor-element-5211cdd elementor-widget elementor-widget-fabrice-juan-single-interior\" data-id=\"5211cdd\" data-element_type=\"widget\" data-widget_type=\"fabrice-juan-single-interior.default\">\n\t\t\t\t<div class=\"elementor-widget-container\">\n\t\t\t\r\n            <article class=\"widget-single widget-single_interior\">\r\n                <a href=\"https:\/\/www.fabricejuan.com\/fr\/interiors\/messine2\/\" class=\"widget-single--link\">\r\n                    <div class=\"widget-single--title\">\r\n                        <h1>Messine<\/h1>\n<p class=\"p1\">Une rotonde naturaliste<\/p>\n                    \r\n                    <\/div>      \r\n                    <img decoding=\"async\" src=\"https:\/\/www.fabricejuan.com\/wp-content\/uploads\/2020\/03\/Gallerie-Messine.jpg\" class=\"widget-single--image-preview\">\r\n                <\/a>\r\n            <\/article>\t\t<\/div>\n\t\t\t\t<\/div>\n\t\t\t\t\t\t<\/div>\n\t\t\t\t\t<\/div>\n\t\t<\/div>\n\t\t\t\t<div class=\"elementor-column elementor-col-50 elementor-top-column elementor-element elementor-element-a8ae35a\" data-id=\"a8ae35a\" data-element_type=\"column\">\n\t\t\t<div class=\"elementor-column-wrap elementor-element-populated\">\n\t\t\t\t\t\t\t<div class=\"elementor-widget-wrap\">\n\t\t\t\t\t\t<div class=\"elementor-element elementor-element-dd62783 elementor-widget elementor-widget-fabrice-juan-single-interior\" data-id=\"dd62783\" data-element_type=\"widget\" data-widget_type=\"fabrice-juan-single-interior.default\">\n\t\t\t\t<div class=\"elementor-widget-container\">\n\t\t\t\r\n            <article class=\"widget-single widget-single_interior\">\r\n                <a href=\"https:\/\/www.fabricejuan.com\/fr\/interiors\/trocadero-un-style-neo-retro\/\" class=\"widget-single--link\">\r\n                    <div class=\"widget-single--title\">\r\n                        <h1>Trocad\u00e9ro<\/h1>\n<p>Un style N\u00e9o-R\u00e9tro<\/p>\n                    \r\n                    <\/div>      \r\n                    <img decoding=\"async\" src=\"https:\/\/www.fabricejuan.com\/wp-content\/uploads\/2019\/01\/sommaire-trocadero3.jpg\" class=\"widget-single--image-preview\">\r\n                <\/a>\r\n            <\/article>\t\t<\/div>\n\t\t\t\t<\/div>\n\t\t\t\t\t\t<\/div>\n\t\t\t\t\t<\/div>\n\t\t<\/div>\n\t\t\t\t\t\t\t\t<\/div>\n\t\t\t\t\t<\/div>\n\t\t<\/section>\n\t\t\t\t<section class=\"elementor-section elementor-top-section elementor-element elementor-element-91a76b7 elementor-section-full_width elementor-section-height-default elementor-section-height-default\" data-id=\"91a76b7\" data-element_type=\"section\">\n\t\t\t\t\t\t<div class=\"elementor-container elementor-column-gap-no\">\n\t\t\t\t\t\t\t<div class=\"elementor-row\">\n\t\t\t\t\t<div class=\"elementor-column elementor-col-50 elementor-top-column elementor-element elementor-element-8f8de94\" data-id=\"8f8de94\" data-element_type=\"column\">\n\t\t\t<div class=\"elementor-column-wrap elementor-element-populated\">\n\t\t\t\t\t\t\t<div class=\"elementor-widget-wrap\">\n\t\t\t\t\t\t<div class=\"elementor-element elementor-element-cf06b26 elementor-widget elementor-widget-fabrice-juan-single-interior\" data-id=\"cf06b26\" data-element_type=\"widget\" data-widget_type=\"fabrice-juan-single-interior.default\">\n\t\t\t\t<div class=\"elementor-widget-container\">\n\t\t\t\r\n            <article class=\"widget-single widget-single_interior\">\r\n                <a href=\"https:\/\/www.fabricejuan.com\/fr\/interiors\/neuilly-modernite-luxe-et-elegance\/\" class=\"widget-single--link\">\r\n                    <div class=\"widget-single--title\">\r\n                        <h1>Neuilly-sur-Seine<\/h1>\n<p>Modernit\u00e9, luxe et \u00e9l\u00e9gance<\/p>\n                    \r\n                    <\/div>      \r\n                    <img decoding=\"async\" src=\"https:\/\/www.fabricejuan.com\/wp-content\/uploads\/2019\/01\/boulevard-maurice-barres.jpg\" class=\"widget-single--image-preview\">\r\n                <\/a>\r\n            <\/article>\t\t<\/div>\n\t\t\t\t<\/div>\n\t\t\t\t\t\t<\/div>\n\t\t\t\t\t<\/div>\n\t\t<\/div>\n\t\t\t\t<div class=\"elementor-column elementor-col-50 elementor-top-column elementor-element elementor-element-13904e7\" data-id=\"13904e7\" data-element_type=\"column\">\n\t\t\t<div class=\"elementor-column-wrap elementor-element-populated\">\n\t\t\t\t\t\t\t<div class=\"elementor-widget-wrap\">\n\t\t\t\t\t\t<div class=\"elementor-element elementor-element-66ae36a elementor-widget elementor-widget-fabrice-juan-block-bordered\" data-id=\"66ae36a\" data-element_type=\"widget\" data-widget_type=\"fabrice-juan-block-bordered.default\">\n\t\t\t\t<div class=\"elementor-widget-container\">\n\t\t\t<div class=\"block-bordered blue no-border padding-column-yes padding-top-s padding-bottom-s bar-top bar-bottom bar-small overlap-none overlap-none\">\r\n                    <div class=\"block-bordered--wrapper\">\r\n                        <div class=\"block-bordered--content wow animate-from-bottom\"><h2>Laissez-vous s\u00e9duire par l\u2019art de vivre \u00e0 la fran\u00e7aise<\/h2>\r\n                        <\/div>\r\n                    <\/div>\r\n                <\/div>\t\t<\/div>\n\t\t\t\t<\/div>\n\t\t\t\t\t\t<\/div>\n\t\t\t\t\t<\/div>\n\t\t<\/div>\n\t\t\t\t\t\t\t\t<\/div>\n\t\t\t\t\t<\/div>\n\t\t<\/section>\n\t\t\t\t<section class=\"elementor-section elementor-top-section elementor-element elementor-element-7921c83 elementor-section-full_width elementor-section-height-default elementor-section-height-default\" data-id=\"7921c83\" data-element_type=\"section\">\n\t\t\t\t\t\t<div class=\"elementor-container elementor-column-gap-no\">\n\t\t\t\t\t\t\t<div class=\"elementor-row\">\n\t\t\t\t\t<div class=\"elementor-column elementor-col-50 elementor-top-column elementor-element elementor-element-18f5715\" data-id=\"18f5715\" data-element_type=\"column\">\n\t\t\t<div class=\"elementor-column-wrap elementor-element-populated\">\n\t\t\t\t\t\t\t<div class=\"elementor-widget-wrap\">\n\t\t\t\t\t\t<div class=\"elementor-element elementor-element-5fa3c36 elementor-widget elementor-widget-fabrice-juan-single-interior\" data-id=\"5fa3c36\" data-element_type=\"widget\" data-widget_type=\"fabrice-juan-single-interior.default\">\n\t\t\t\t<div class=\"elementor-widget-container\">\n\t\t\t\r\n            <article class=\"widget-single widget-single_interior\">\r\n                <a href=\"https:\/\/www.fabricejuan.com\/fr\/interiors\/eylau-pour-collectionneur-eclectique\/\" class=\"widget-single--link\">\r\n                    <div class=\"widget-single--title\">\r\n                        <h1>Eylau<\/h1>\n<p class=\"p1\">Pour collectionneur \u00e9clectique<\/p>\n                    \r\n                    <\/div>      \r\n                    <img decoding=\"async\" src=\"https:\/\/www.fabricejuan.com\/wp-content\/uploads\/2019\/01\/INTERIORS-SOMMAIRE-Eylau2-952x954.jpg\" class=\"widget-single--image-preview\">\r\n                <\/a>\r\n            <\/article>\t\t<\/div>\n\t\t\t\t<\/div>\n\t\t\t\t\t\t<\/div>\n\t\t\t\t\t<\/div>\n\t\t<\/div>\n\t\t\t\t<div class=\"elementor-column elementor-col-50 elementor-top-column elementor-element elementor-element-bfc118d\" data-id=\"bfc118d\" data-element_type=\"column\">\n\t\t\t<div class=\"elementor-column-wrap elementor-element-populated\">\n\t\t\t\t\t\t\t<div class=\"elementor-widget-wrap\">\n\t\t\t\t\t\t<div class=\"elementor-element elementor-element-74edd58 elementor-widget elementor-widget-fabrice-juan-single-interior\" data-id=\"74edd58\" data-element_type=\"widget\" data-widget_type=\"fabrice-juan-single-interior.default\">\n\t\t\t\t<div class=\"elementor-widget-container\">\n\t\t\t\r\n            <article class=\"widget-single widget-single_interior\">\r\n                <a href=\"https:\/\/www.fabricejuan.com\/fr\/interiors\/1926-lelegance-sous-toutes-ses-facettes-2\/\" class=\"widget-single--link\">\r\n                    <div class=\"widget-single--title\">\r\n                        <h1>1926<\/h1>\n<p>L\u2019\u00e9l\u00e9gance sous toutes ses facettes<\/p>\n                    \r\n                    <\/div>      \r\n                    <img decoding=\"async\" src=\"https:\/\/www.fabricejuan.com\/wp-content\/uploads\/2019\/01\/boulevard-maillot.jpg\" class=\"widget-single--image-preview\">\r\n                <\/a>\r\n            <\/article>\t\t<\/div>\n\t\t\t\t<\/div>\n\t\t\t\t\t\t<\/div>\n\t\t\t\t\t<\/div>\n\t\t<\/div>\n\t\t\t\t\t\t\t\t<\/div>\n\t\t\t\t\t<\/div>\n\t\t<\/section>\n\t\t\t\t\t\t\t\t\t<\/div>\n\t\t\t<\/div>\n\t\t\t\t\t<\/div>\n\t\t","protected":false},"excerpt":{"rendered":"<p>Magellan des accents seventies I\u00e9na Un appartement haute-couture Messine Une rotonde naturaliste Trocad\u00e9ro Un style N\u00e9o-R\u00e9tro Neuilly-sur-Seine Modernit\u00e9, luxe et \u00e9l\u00e9gance Laissez-vous s\u00e9duire par l\u2019art de vivre \u00e0 la fran\u00e7aise Eylau Pour collectionneur \u00e9clectique 1926 L\u2019\u00e9l\u00e9gance sous toutes ses facettes<\/p>\n","protected":false},"author":1,"featured_media":0,"parent":0,"menu_order":0,"comment_status":"closed","ping_status":"closed","template":"","meta":[],"yoast_head":"<!-- This site is optimized with the Yoast SEO plugin v20.1 - https:\/\/yoast.com\/wordpress\/plugins\/seo\/ -->\n<title>Interiors - Fabrice Juan<\/title>\n<meta name=\"robots\" content=\"index, follow, max-snippet:-1, max-image-preview:large, max-video-preview:-1\" \/>\n<link rel=\"canonical\" href=\"https:\/\/www.fabricejuan.com\/fr\/archive-interiors\/\" \/>\n<meta property=\"og:locale\" content=\"fr_FR\" \/>\n<meta property=\"og:type\" content=\"article\" \/>\n<meta property=\"og:title\" content=\"Interiors - Fabrice Juan\" \/>\n<meta property=\"og:description\" content=\"Magellan des accents seventies I\u00e9na Un appartement haute-couture Messine Une rotonde naturaliste Trocad\u00e9ro Un style N\u00e9o-R\u00e9tro Neuilly-sur-Seine Modernit\u00e9, luxe et \u00e9l\u00e9gance Laissez-vous s\u00e9duire par l\u2019art de vivre \u00e0 la fran\u00e7aise Eylau Pour collectionneur \u00e9clectique 1926 L\u2019\u00e9l\u00e9gance sous toutes ses facettes\" \/>\n<meta property=\"og:url\" content=\"https:\/\/www.fabricejuan.com\/fr\/archive-interiors\/\" \/>\n<meta property=\"og:site_name\" content=\"Fabrice Juan\" \/>\n<meta property=\"article:modified_time\" content=\"2023-03-10T11:05:25+00:00\" \/>\n<meta property=\"og:image\" content=\"https:\/\/www.fabricejuan.com\/wp-content\/uploads\/2023\/03\/fabricejuan-homme-carre-01-952x954.jpg\" \/>\n<meta name=\"twitter:card\" content=\"summary_large_image\" \/>\n<meta name=\"twitter:label1\" content=\"Dur\u00e9e de lecture estim\u00e9e\" \/>\n\t<meta name=\"twitter:data1\" content=\"2 minutes\" \/>\n<script type=\"application\/ld+json\" class=\"yoast-schema-graph\">{\"@context\":\"https:\/\/schema.org\",\"@graph\":[{\"@type\":\"WebPage\",\"@id\":\"https:\/\/www.fabricejuan.com\/fr\/archive-interiors\/\",\"url\":\"https:\/\/www.fabricejuan.com\/fr\/archive-interiors\/\",\"name\":\"Interiors - Fabrice Juan\",\"isPartOf\":{\"@id\":\"https:\/\/www.fabricejuan.com\/en\/#website\"},\"datePublished\":\"2019-01-28T13:31:58+00:00\",\"dateModified\":\"2023-03-10T11:05:25+00:00\",\"breadcrumb\":{\"@id\":\"https:\/\/www.fabricejuan.com\/fr\/archive-interiors\/#breadcrumb\"},\"inLanguage\":\"fr-FR\",\"potentialAction\":[{\"@type\":\"ReadAction\",\"target\":[\"https:\/\/www.fabricejuan.com\/fr\/archive-interiors\/\"]}]},{\"@type\":\"BreadcrumbList\",\"@id\":\"https:\/\/www.fabricejuan.com\/fr\/archive-interiors\/#breadcrumb\",\"itemListElement\":[{\"@type\":\"ListItem\",\"position\":1,\"name\":\"Accueil\",\"item\":\"https:\/\/www.fabricejuan.com\/fr\/\"},{\"@type\":\"ListItem\",\"position\":2,\"name\":\"Interiors\"}]},{\"@type\":\"WebSite\",\"@id\":\"https:\/\/www.fabricejuan.com\/en\/#website\",\"url\":\"https:\/\/www.fabricejuan.com\/en\/\",\"name\":\"Fabrice Juan\",\"description\":\"\",\"potentialAction\":[{\"@type\":\"SearchAction\",\"target\":{\"@type\":\"EntryPoint\",\"urlTemplate\":\"https:\/\/www.fabricejuan.com\/en\/?s={search_term_string}\"},\"query-input\":\"required name=search_term_string\"}],\"inLanguage\":\"fr-FR\"}]}<\/script>\n<!-- \/ Yoast SEO plugin. -->","yoast_head_json":{"title":"Interiors - Fabrice Juan","robots":{"index":"index","follow":"follow","max-snippet":"max-snippet:-1","max-image-preview":"max-image-preview:large","max-video-preview":"max-video-preview:-1"},"canonical":"https:\/\/www.fabricejuan.com\/fr\/archive-interiors\/","og_locale":"fr_FR","og_type":"article","og_title":"Interiors - Fabrice Juan","og_description":"Magellan des accents seventies I\u00e9na Un appartement haute-couture Messine Une rotonde naturaliste Trocad\u00e9ro Un style N\u00e9o-R\u00e9tro Neuilly-sur-Seine Modernit\u00e9, luxe et \u00e9l\u00e9gance Laissez-vous s\u00e9duire par l\u2019art de vivre \u00e0 la fran\u00e7aise Eylau Pour collectionneur \u00e9clectique 1926 L\u2019\u00e9l\u00e9gance sous toutes ses facettes","og_url":"https:\/\/www.fabricejuan.com\/fr\/archive-interiors\/","og_site_name":"Fabrice Juan","article_modified_time":"2023-03-10T11:05:25+00:00","og_image":[{"url":"https:\/\/www.fabricejuan.com\/wp-content\/uploads\/2023\/03\/fabricejuan-homme-carre-01-952x954.jpg"}],"twitter_card":"summary_large_image","twitter_misc":{"Dur\u00e9e de lecture estim\u00e9e":"2 minutes"},"schema":{"@context":"https:\/\/schema.org","@graph":[{"@type":"WebPage","@id":"https:\/\/www.fabricejuan.com\/fr\/archive-interiors\/","url":"https:\/\/www.fabricejuan.com\/fr\/archive-interiors\/","name":"Interiors - Fabrice Juan","isPartOf":{"@id":"https:\/\/www.fabricejuan.com\/en\/#website"},"datePublished":"2019-01-28T13:31:58+00:00","dateModified":"2023-03-10T11:05:25+00:00","breadcrumb":{"@id":"https:\/\/www.fabricejuan.com\/fr\/archive-interiors\/#breadcrumb"},"inLanguage":"fr-FR","potentialAction":[{"@type":"ReadAction","target":["https:\/\/www.fabricejuan.com\/fr\/archive-interiors\/"]}]},{"@type":"BreadcrumbList","@id":"https:\/\/www.fabricejuan.com\/fr\/archive-interiors\/#breadcrumb","itemListElement":[{"@type":"ListItem","position":1,"name":"Accueil","item":"https:\/\/www.fabricejuan.com\/fr\/"},{"@type":"ListItem","position":2,"name":"Interiors"}]},{"@type":"WebSite","@id":"https:\/\/www.fabricejuan.com\/en\/#website","url":"https:\/\/www.fabricejuan.com\/en\/","name":"Fabrice Juan","description":"","potentialAction":[{"@type":"SearchAction","target":{"@type":"EntryPoint","urlTemplate":"https:\/\/www.fabricejuan.com\/en\/?s={search_term_string}"},"query-input":"required name=search_term_string"}],"inLanguage":"fr-FR"}]}},"_links":{"self":[{"href":"https:\/\/www.fabricejuan.com\/fr\/wp-json\/wp\/v2\/pages\/7"}],"collection":[{"href":"https:\/\/www.fabricejuan.com\/fr\/wp-json\/wp\/v2\/pages"}],"about":[{"href":"https:\/\/www.fabricejuan.com\/fr\/wp-json\/wp\/v2\/types\/page"}],"author":[{"embeddable":true,"href":"https:\/\/www.fabricejuan.com\/fr\/wp-json\/wp\/v2\/users\/1"}],"replies":[{"embeddable":true,"href":"https:\/\/www.fabricejuan.com\/fr\/wp-json\/wp\/v2\/comments?post=7"}],"version-history":[{"count":35,"href":"https:\/\/www.fabricejuan.com\/fr\/wp-json\/wp\/v2\/pages\/7\/revisions"}],"predecessor-version":[{"id":10625,"href":"https:\/\/www.fabricejuan.com\/fr\/wp-json\/wp\/v2\/pages\/7\/revisions\/10625"}],"wp:attachment":[{"href":"https:\/\/www.fabricejuan.com\/fr\/wp-json\/wp\/v2\/media?parent=7"}],"curies":[{"name":"wp","href":"https:\/\/api.w.org\/{rel}","templated":true}]}}