{"id":11,"date":"2019-01-28T14:32:29","date_gmt":"2019-01-28T13:32:29","guid":{"rendered":"http:\/\/fabricejuan.test\/?page_id=11"},"modified":"2021-06-30T12:56:10","modified_gmt":"2021-06-30T10:56:10","slug":"contact-us","status":"publish","type":"page","link":"https:\/\/www.fabricejuan.com\/fr\/contact-us\/","title":{"rendered":"Contactez-nous"},"content":{"rendered":"\t\t<div data-elementor-type=\"wp-post\" data-elementor-id=\"11\" class=\"elementor elementor-11\">\n\t\t\t\t\t\t<div class=\"elementor-inner\">\n\t\t\t\t<div class=\"elementor-section-wrap\">\n\t\t\t\t\t\t\t\t\t<section class=\"elementor-section elementor-top-section elementor-element elementor-element-464c9f4 contact-section elementor-section-boxed elementor-section-height-default elementor-section-height-default\" data-id=\"464c9f4\" data-element_type=\"section\" data-settings=\"{&quot;background_background&quot;:&quot;classic&quot;}\">\n\t\t\t\t\t\t<div class=\"elementor-container elementor-column-gap-narrow\">\n\t\t\t\t\t\t\t<div class=\"elementor-row\">\n\t\t\t\t\t<div class=\"elementor-column elementor-col-50 elementor-top-column elementor-element elementor-element-70631d1 contact-column-content\" data-id=\"70631d1\" data-element_type=\"column\">\n\t\t\t<div class=\"elementor-column-wrap elementor-element-populated\">\n\t\t\t\t\t\t\t<div class=\"elementor-widget-wrap\">\n\t\t\t\t\t\t<div class=\"elementor-element elementor-element-e5838f4 contact-content elementor-widget elementor-widget-text-editor\" data-id=\"e5838f4\" data-element_type=\"widget\" data-widget_type=\"text-editor.default\">\n\t\t\t\t<div class=\"elementor-widget-container\">\n\t\t\t\t\t\t\t\t<div class=\"elementor-text-editor elementor-clearfix\">\n\t\t\t\t<h1>Contactez-nous<\/h1><h2>FABRICE JUAN\u00a0<\/h2><h3>FRENCH STYLE INTERIORS<\/h3><p><a href=\"contact@fabricejuan.com\">contact@fabricejuan.com<\/a><br \/><br \/>P. <a href=\"tel:+33142330228\">+33\u00a01 42 33 02 28\u00a0<\/a><\/p><p>350 rue Saint Honor\u00e9 &#8211; 75001 Paris<\/p><p>\u00a0<\/p>\t\t\t\t\t<\/div>\n\t\t\t\t\t\t<\/div>\n\t\t\t\t<\/div>\n\t\t\t\t\t\t<\/div>\n\t\t\t\t\t<\/div>\n\t\t<\/div>\n\t\t\t\t<div class=\"elementor-column elementor-col-50 elementor-top-column elementor-element elementor-element-6558cb6 contact-content-image\" data-id=\"6558cb6\" data-element_type=\"column\">\n\t\t\t<div class=\"elementor-column-wrap elementor-element-populated\">\n\t\t\t\t\t\t\t<div class=\"elementor-widget-wrap\">\n\t\t\t\t\t\t<div class=\"elementor-element elementor-element-208a8a6 elementor-widget elementor-widget-image\" data-id=\"208a8a6\" data-element_type=\"widget\" data-widget_type=\"image.default\">\n\t\t\t\t<div class=\"elementor-widget-container\">\n\t\t\t\t\t\t\t\t<div class=\"wow animate-unzoom elementor-image\">\n\t\t\t\t\t\t\t\t\t\t\t\t<img decoding=\"async\" width=\"966\" height=\"1024\" src=\"https:\/\/www.fabricejuan.com\/wp-content\/uploads\/2019\/02\/01-CONTACT-1-1-966x1024.jpg\" class=\"attachment-large size-large wp-image-1396\" alt=\"\" loading=\"lazy\" srcset=\"https:\/\/www.fabricejuan.com\/wp-content\/uploads\/2019\/02\/01-CONTACT-1-1-966x1024.jpg 966w, https:\/\/www.fabricejuan.com\/wp-content\/uploads\/2019\/02\/01-CONTACT-1-1-283x300.jpg 283w, https:\/\/www.fabricejuan.com\/wp-content\/uploads\/2019\/02\/01-CONTACT-1-1-768x814.jpg 768w, https:\/\/www.fabricejuan.com\/wp-content\/uploads\/2019\/02\/01-CONTACT-1-1-1199x1272.jpg 1199w, https:\/\/www.fabricejuan.com\/wp-content\/uploads\/2019\/02\/01-CONTACT-1-1-849x900.jpg 849w, https:\/\/www.fabricejuan.com\/wp-content\/uploads\/2019\/02\/01-CONTACT-1-1.jpg 1200w\" sizes=\"(max-width: 966px) 100vw, 966px\" \/>\t\t\t\t\t\t\t\t\t\t\t\t\t\t<\/div>\n\t\t\t\t\t\t<\/div>\n\t\t\t\t<\/div>\n\t\t\t\t\t\t<\/div>\n\t\t\t\t\t<\/div>\n\t\t<\/div>\n\t\t\t\t\t\t\t\t<\/div>\n\t\t\t\t\t<\/div>\n\t\t<\/section>\n\t\t\t\t<section class=\"elementor-section elementor-top-section elementor-element elementor-element-3584b20 elementor-section-full_width elementor-section-height-default elementor-section-height-default\" data-id=\"3584b20\" data-element_type=\"section\">\n\t\t\t\t\t\t<div class=\"elementor-container elementor-column-gap-no\">\n\t\t\t\t\t\t\t<div class=\"elementor-row\">\n\t\t\t\t\t<div class=\"elementor-column elementor-col-100 elementor-top-column elementor-element elementor-element-d46a924\" data-id=\"d46a924\" data-element_type=\"column\">\n\t\t\t<div class=\"elementor-column-wrap elementor-element-populated\">\n\t\t\t\t\t\t\t<div class=\"elementor-widget-wrap\">\n\t\t\t\t\t\t<div class=\"elementor-element elementor-element-0d47edd elementor-widget elementor-widget-void-section-cf7\" data-id=\"0d47edd\" data-element_type=\"widget\" data-widget_type=\"void-section-cf7.default\">\n\t\t\t\t<div class=\"elementor-widget-container\">\n\t\t\t<div class=\"void-cf7-form-widget-wrapper elementor-shortcode void-cf7-0\" data-void-cf7-contact-form-id=\"143\"><div role=\"form\" class=\"wpcf7\" id=\"wpcf7-f143-o1\" lang=\"fr-FR\" dir=\"ltr\">\n<div class=\"screen-reader-response\"><\/div>\n<form action=\"\/fr\/wp-json\/wp\/v2\/pages\/11#wpcf7-f143-o1\" method=\"post\" class=\"wpcf7-form\" novalidate=\"novalidate\">\n<div style=\"display: none;\">\n<input type=\"hidden\" name=\"_wpcf7\" value=\"143\" \/>\n<input type=\"hidden\" name=\"_wpcf7_version\" value=\"5.1.1\" \/>\n<input type=\"hidden\" name=\"_wpcf7_locale\" value=\"fr_FR\" \/>\n<input type=\"hidden\" name=\"_wpcf7_unit_tag\" value=\"wpcf7-f143-o1\" \/>\n<input type=\"hidden\" name=\"_wpcf7_container_post\" value=\"0\" \/>\n<input type=\"hidden\" name=\"g-recaptcha-response\" value=\"\" \/>\n<\/div>\n<input type=\"hidden\" name=\"furniture-name\" value=\"\" class=\"wpcf7-form-control wpcf7-hidden\" \/>\n<div class=\"form-intro\">\n<h1 class=\"title\">Contactez-nous<\/h1>\n<p> Si vous d\u00e9sirez plus d'informations, veuillez nous contacter en remplissant le formulaire ci-dessous. <\/p>\n<\/div>\n<div class=\"row form-row\">\n<div class=\"col-3\">\n<div class=\"input-group input-group-text\">\n<label for=\"lastname\" class=\"input-label\">Nom*<\/label><br \/>\n<span class=\"wpcf7-form-control-wrap lastname\"><input type=\"text\" name=\"lastname\" value=\"\" size=\"40\" class=\"wpcf7-form-control wpcf7-text wpcf7-validates-as-required input-control\" aria-required=\"true\" aria-invalid=\"false\" placeholder=\"Nom *\" \/><\/span>\n<\/div>\n<div class=\"input-group input-group-text\">\n<label for=\"firstname\" class=\"input-label\">Pr\u00e9nom*<\/label><br \/>\n<span class=\"wpcf7-form-control-wrap firstname\"><input type=\"text\" name=\"firstname\" value=\"\" size=\"40\" class=\"wpcf7-form-control wpcf7-text wpcf7-validates-as-required input-control\" aria-required=\"true\" aria-invalid=\"false\" placeholder=\"Pr\u00e9nom *\" \/><\/span>\n<\/div>\n<div class=\"input-group input-group-text\">\n<label for=\"email\" class=\"input-label\">E-mail*<\/label><br \/>\n<span class=\"wpcf7-form-control-wrap email\"><input type=\"email\" name=\"email\" value=\"\" size=\"40\" class=\"wpcf7-form-control wpcf7-text wpcf7-email wpcf7-validates-as-required wpcf7-validates-as-email input-control\" aria-required=\"true\" aria-invalid=\"false\" placeholder=\"Email *\" \/><\/span>\n<\/div>\n<div class=\"input-group input-group-text\">\n<label for=\"phone\" class=\"input-label\">T\u00e9l\u00e9phone<\/label><br \/>\n<span class=\"wpcf7-form-control-wrap phone\"><input type=\"text\" name=\"phone\" value=\"\" size=\"40\" class=\"wpcf7-form-control wpcf7-text input-control\" aria-invalid=\"false\" placeholder=\"T\u00e9l\u00e9phone\" \/><\/span>\n<\/div>\n<\/div>\n<div class=\"col-5\">\n<div class=\"input-group input-group-text\">\n<label for=\"subject\" class=\"input-label\">Sujet<\/label><br \/>\n<span class=\"wpcf7-form-control-wrap subject\"><input type=\"text\" name=\"subject\" value=\"\" size=\"40\" class=\"wpcf7-form-control wpcf7-text input-control\" aria-invalid=\"false\" placeholder=\"Sujet\" \/><\/span>\n<\/div>\n<div class=\"input-group input-group-textarea\">\n<label for=\"message\" class=\"input-label\">Message<\/label><br \/>\n<span class=\"wpcf7-form-control-wrap message\"><textarea name=\"message\" cols=\"80\" rows=\"3\" class=\"wpcf7-form-control wpcf7-textarea wpcf7-validates-as-required input-control\" aria-required=\"true\" aria-invalid=\"false\" placeholder=\"Message *\"><\/textarea><\/span>\n<\/div>\n<\/div>\n<\/div>\n<div class=\"row form-row\">\n<div class=\"col-8 button-group centered\">\n<button type=\"submit\" class=\"button button--form button--gold with-recaptcha\">Envoyer<\/button>\n<\/div>\n<\/div>\n<script type='text\/javascript'>\n\n\t\t\t\t\t\tif(contactform === undefined){\n\t\t\t\t\t\t\tvar contactform = [];\n\t\t\t\t\t\t}\n\t\t\t\t\t\tvar innerVal = [143,'mail_sent_ok','Merci pour votre message. Il a &eacute;t&eacute; envoy&eacute;.'];\n\t\t\t\t\t\tcontactform.push(innerVal);\n\t\t\t\t\t\tvar innerVal = [143,'mail_sent_ng','Une erreur s\\'est produite lors de l\\'envoi de votre message. Veuillez essayer &agrave; nouveau plus tard.'];\n\t\t\t\t\t\tcontactform.push(innerVal);\n\t\t\t\t\t\tvar innerVal = [143,'validation_error','Un ou plusieurs champs contiennent une erreur. Veuillez v&eacute;rifier et essayer &agrave; nouveau.'];\n\t\t\t\t\t\tcontactform.push(innerVal);\n\t\t\t\t\t\tvar innerVal = [143,'spam','Une erreur s\\'est produite lors de l\\'envoi de votre message. Veuillez essayez &agrave; nouveau plus tard.'];\n\t\t\t\t\t\tcontactform.push(innerVal);\n\t\t\t\t\t\tvar innerVal = [143,'accept_terms','Vous devez accepter les termes et conditions avant d\\'envoyer votre message.'];\n\t\t\t\t\t\tcontactform.push(innerVal);\n\t\t\t\t\t\tvar innerVal = [143,'invalid_required','Ce champ est obligatoire.'];\n\t\t\t\t\t\tcontactform.push(innerVal);\n\t\t\t\t\t\tvar innerVal = [143,'invalid_too_long','Le champ est trop long.'];\n\t\t\t\t\t\tcontactform.push(innerVal);\n\t\t\t\t\t\tvar innerVal = [143,'invalid_too_short','Le champ est trop court.'];\n\t\t\t\t\t\tcontactform.push(innerVal);\n\t\t\t\t\t\tvar innerVal = [143,'invalid_date','Le format de date est incorrect.'];\n\t\t\t\t\t\tcontactform.push(innerVal);\n\t\t\t\t\t\tvar innerVal = [143,'date_too_early','La date pr&eacute;c&egrave;de la premi&egrave;re date autoris&eacute;e.'];\n\t\t\t\t\t\tcontactform.push(innerVal);\n\t\t\t\t\t\tvar innerVal = [143,'date_too_late','Une erreur inconnue s\\'est produite lors de la mise en ligne du fichier.'];\n\t\t\t\t\t\tcontactform.push(innerVal);\n\t\t\t\t\t\tvar innerVal = [143,'upload_failed','Vous n\\'&ecirc;tes pas autoris&eacute; &agrave; mettre en ligne ce type de fichier.'];\n\t\t\t\t\t\tcontactform.push(innerVal);\n\t\t\t\t\t\tvar innerVal = [143,'upload_file_type_invalid','Le fichier est trop volumineux.'];\n\t\t\t\t\t\tcontactform.push(innerVal);\n\t\t\t\t\t\tvar innerVal = [143,'upload_file_too_large','Le fichier est trop volumineux.'];\n\t\t\t\t\t\tcontactform.push(innerVal);\n\t\t\t\t\t\tvar innerVal = [143,'upload_failed_php_error','Une erreur s\\'est produit lors du t&eacute;l&eacute;chargement du fichier.'];\n\t\t\t\t\t\tcontactform.push(innerVal);\n\t\t\t\t\t\tvar innerVal = [143,'invalid_number','Le format du nombre est invalide.'];\n\t\t\t\t\t\tcontactform.push(innerVal);\n\t\t\t\t\t\tvar innerVal = [143,'number_too_small','Le nombre est plus petit que le minimum autoris&eacute;.'];\n\t\t\t\t\t\tcontactform.push(innerVal);\n\t\t\t\t\t\tvar innerVal = [143,'number_too_large','Le nombre est plus grand que le minimum autoris&eacute;.'];\n\t\t\t\t\t\tcontactform.push(innerVal);\n\t\t\t\t\t\tvar innerVal = [143,'quiz_answer_not_correct','La r&eacute;ponse &agrave; la question est incorrecte.'];\n\t\t\t\t\t\tcontactform.push(innerVal);\n\t\t\t\t\t\tvar innerVal = [143,'captcha_not_match','Your entered code is incorrect.'];\n\t\t\t\t\t\tcontactform.push(innerVal);\n\t\t\t\t\t\tvar innerVal = [143,'invalid_email','L\\'adresse e-mail n\\'est pas valide.'];\n\t\t\t\t\t\tcontactform.push(innerVal);\n\t\t\t\t\t\tvar innerVal = [143,'invalid_url','L\\'URL n\\'est pas valide.'];\n\t\t\t\t\t\tcontactform.push(innerVal);\n\t\t\t\t\t\tvar innerVal = [143,'invalid_tel','Le num&eacute;ro de t&eacute;l&eacute;phone est invalide.'];\n\t\t\t\t\t\tcontactform.push(innerVal);\n\t\t\t\t\t\tvar innerVal = [143,'gdpr',''];\n\t\t\t\t\t\tcontactform.push(innerVal);\n\t\t\t\t\t\t<\/script><div class=\"wpcf7-response-output wpcf7-display-none\"><\/div><\/form><\/div><\/div>\t\t<\/div>\n\t\t\t\t<\/div>\n\t\t\t\t\t\t<\/div>\n\t\t\t\t\t<\/div>\n\t\t<\/div>\n\t\t\t\t\t\t\t\t<\/div>\n\t\t\t\t\t<\/div>\n\t\t<\/section>\n\t\t\t\t\t\t\t\t\t<\/div>\n\t\t\t<\/div>\n\t\t\t\t\t<\/div>\n\t\t","protected":false},"excerpt":{"rendered":"<p>Contactez-nous FABRICE JUAN&nbsp; FRENCH STYLE INTERIORS contact@fabricejuan.com P. +33&nbsp;1 42 33 02 28&nbsp; 350 rue Saint Honor\u00e9 &#8211; 75001 Paris Contactez-nous Si vous d\u00e9sirez plus d&rsquo;informations, veuillez nous contacter en remplissant le formulaire ci-dessous. Nom* Pr\u00e9nom* E-mail* T\u00e9l\u00e9phone Sujet Message Envoyer<\/p>\n","protected":false},"author":1,"featured_media":0,"parent":0,"menu_order":0,"comment_status":"closed","ping_status":"closed","template":"","meta":[],"yoast_head":"<!-- This site is optimized with the Yoast SEO plugin v20.1 - https:\/\/yoast.com\/wordpress\/plugins\/seo\/ -->\n<title>Contactez-nous - Fabrice Juan<\/title>\n<meta name=\"robots\" content=\"index, follow, max-snippet:-1, max-image-preview:large, max-video-preview:-1\" \/>\n<link rel=\"canonical\" href=\"https:\/\/www.fabricejuan.com\/fr\/contact-us\/\" \/>\n<meta property=\"og:locale\" content=\"fr_FR\" \/>\n<meta property=\"og:type\" content=\"article\" \/>\n<meta property=\"og:title\" content=\"Contactez-nous - Fabrice Juan\" \/>\n<meta property=\"og:description\" content=\"Contactez-nous FABRICE JUAN&nbsp; FRENCH STYLE INTERIORS contact@fabricejuan.com P. +33&nbsp;1 42 33 02 28&nbsp; 350 rue Saint Honor\u00e9 &#8211; 75001 Paris Contactez-nous Si vous d\u00e9sirez plus d&rsquo;informations, veuillez nous contacter en remplissant le formulaire ci-dessous. Nom* Pr\u00e9nom* E-mail* T\u00e9l\u00e9phone Sujet Message Envoyer\" \/>\n<meta property=\"og:url\" content=\"https:\/\/www.fabricejuan.com\/fr\/contact-us\/\" \/>\n<meta property=\"og:site_name\" content=\"Fabrice Juan\" \/>\n<meta property=\"article:modified_time\" content=\"2021-06-30T10:56:10+00:00\" \/>\n<meta property=\"og:image\" content=\"https:\/\/www.fabricejuan.com\/wp-content\/uploads\/2019\/02\/01-CONTACT-1-1-966x1024.jpg\" \/>\n<meta name=\"twitter:card\" content=\"summary_large_image\" \/>\n<script type=\"application\/ld+json\" class=\"yoast-schema-graph\">{\"@context\":\"https:\/\/schema.org\",\"@graph\":[{\"@type\":\"WebPage\",\"@id\":\"https:\/\/www.fabricejuan.com\/fr\/contact-us\/\",\"url\":\"https:\/\/www.fabricejuan.com\/fr\/contact-us\/\",\"name\":\"Contactez-nous - Fabrice Juan\",\"isPartOf\":{\"@id\":\"https:\/\/www.fabricejuan.com\/en\/#website\"},\"datePublished\":\"2019-01-28T13:32:29+00:00\",\"dateModified\":\"2021-06-30T10:56:10+00:00\",\"breadcrumb\":{\"@id\":\"https:\/\/www.fabricejuan.com\/fr\/contact-us\/#breadcrumb\"},\"inLanguage\":\"fr-FR\",\"potentialAction\":[{\"@type\":\"ReadAction\",\"target\":[\"https:\/\/www.fabricejuan.com\/fr\/contact-us\/\"]}]},{\"@type\":\"BreadcrumbList\",\"@id\":\"https:\/\/www.fabricejuan.com\/fr\/contact-us\/#breadcrumb\",\"itemListElement\":[{\"@type\":\"ListItem\",\"position\":1,\"name\":\"Accueil\",\"item\":\"https:\/\/www.fabricejuan.com\/fr\/\"},{\"@type\":\"ListItem\",\"position\":2,\"name\":\"Contactez-nous\"}]},{\"@type\":\"WebSite\",\"@id\":\"https:\/\/www.fabricejuan.com\/en\/#website\",\"url\":\"https:\/\/www.fabricejuan.com\/en\/\",\"name\":\"Fabrice Juan\",\"description\":\"\",\"potentialAction\":[{\"@type\":\"SearchAction\",\"target\":{\"@type\":\"EntryPoint\",\"urlTemplate\":\"https:\/\/www.fabricejuan.com\/en\/?s={search_term_string}\"},\"query-input\":\"required name=search_term_string\"}],\"inLanguage\":\"fr-FR\"}]}<\/script>\n<!-- \/ Yoast SEO plugin. -->","yoast_head_json":{"title":"Contactez-nous - Fabrice Juan","robots":{"index":"index","follow":"follow","max-snippet":"max-snippet:-1","max-image-preview":"max-image-preview:large","max-video-preview":"max-video-preview:-1"},"canonical":"https:\/\/www.fabricejuan.com\/fr\/contact-us\/","og_locale":"fr_FR","og_type":"article","og_title":"Contactez-nous - Fabrice Juan","og_description":"Contactez-nous FABRICE JUAN&nbsp; FRENCH STYLE INTERIORS contact@fabricejuan.com P. +33&nbsp;1 42 33 02 28&nbsp; 350 rue Saint Honor\u00e9 &#8211; 75001 Paris Contactez-nous Si vous d\u00e9sirez plus d&rsquo;informations, veuillez nous contacter en remplissant le formulaire ci-dessous. Nom* Pr\u00e9nom* E-mail* T\u00e9l\u00e9phone Sujet Message Envoyer","og_url":"https:\/\/www.fabricejuan.com\/fr\/contact-us\/","og_site_name":"Fabrice Juan","article_modified_time":"2021-06-30T10:56:10+00:00","og_image":[{"url":"https:\/\/www.fabricejuan.com\/wp-content\/uploads\/2019\/02\/01-CONTACT-1-1-966x1024.jpg"}],"twitter_card":"summary_large_image","schema":{"@context":"https:\/\/schema.org","@graph":[{"@type":"WebPage","@id":"https:\/\/www.fabricejuan.com\/fr\/contact-us\/","url":"https:\/\/www.fabricejuan.com\/fr\/contact-us\/","name":"Contactez-nous - Fabrice Juan","isPartOf":{"@id":"https:\/\/www.fabricejuan.com\/en\/#website"},"datePublished":"2019-01-28T13:32:29+00:00","dateModified":"2021-06-30T10:56:10+00:00","breadcrumb":{"@id":"https:\/\/www.fabricejuan.com\/fr\/contact-us\/#breadcrumb"},"inLanguage":"fr-FR","potentialAction":[{"@type":"ReadAction","target":["https:\/\/www.fabricejuan.com\/fr\/contact-us\/"]}]},{"@type":"BreadcrumbList","@id":"https:\/\/www.fabricejuan.com\/fr\/contact-us\/#breadcrumb","itemListElement":[{"@type":"ListItem","position":1,"name":"Accueil","item":"https:\/\/www.fabricejuan.com\/fr\/"},{"@type":"ListItem","position":2,"name":"Contactez-nous"}]},{"@type":"WebSite","@id":"https:\/\/www.fabricejuan.com\/en\/#website","url":"https:\/\/www.fabricejuan.com\/en\/","name":"Fabrice Juan","description":"","potentialAction":[{"@type":"SearchAction","target":{"@type":"EntryPoint","urlTemplate":"https:\/\/www.fabricejuan.com\/en\/?s={search_term_string}"},"query-input":"required name=search_term_string"}],"inLanguage":"fr-FR"}]}},"_links":{"self":[{"href":"https:\/\/www.fabricejuan.com\/fr\/wp-json\/wp\/v2\/pages\/11"}],"collection":[{"href":"https:\/\/www.fabricejuan.com\/fr\/wp-json\/wp\/v2\/pages"}],"about":[{"href":"https:\/\/www.fabricejuan.com\/fr\/wp-json\/wp\/v2\/types\/page"}],"author":[{"embeddable":true,"href":"https:\/\/www.fabricejuan.com\/fr\/wp-json\/wp\/v2\/users\/1"}],"replies":[{"embeddable":true,"href":"https:\/\/www.fabricejuan.com\/fr\/wp-json\/wp\/v2\/comments?post=11"}],"version-history":[{"count":39,"href":"https:\/\/www.fabricejuan.com\/fr\/wp-json\/wp\/v2\/pages\/11\/revisions"}],"predecessor-version":[{"id":4603,"href":"https:\/\/www.fabricejuan.com\/fr\/wp-json\/wp\/v2\/pages\/11\/revisions\/4603"}],"wp:attachment":[{"href":"https:\/\/www.fabricejuan.com\/fr\/wp-json\/wp\/v2\/media?parent=11"}],"curies":[{"name":"wp","href":"https:\/\/api.w.org\/{rel}","templated":true}]}}