{"id":1803,"date":"2019-01-28T14:32:29","date_gmt":"2019-01-28T13:32:29","guid":{"rendered":"https:\/\/staging.u7ed1d.fabricejuan.com\/contact-us\/"},"modified":"2021-06-30T12:50:23","modified_gmt":"2021-06-30T10:50:23","slug":"contact-us","status":"publish","type":"page","link":"https:\/\/www.fabricejuan.com\/en\/contact-us\/","title":{"rendered":"Contact us"},"content":{"rendered":"\t\t<div data-elementor-type=\"wp-post\" data-elementor-id=\"1803\" class=\"elementor elementor-1803 elementor-11\">\n\t\t\t\t\t\t<div class=\"elementor-inner\">\n\t\t\t\t<div class=\"elementor-section-wrap\">\n\t\t\t\t\t\t\t\t\t<section class=\"elementor-section elementor-top-section elementor-element elementor-element-464c9f4 contact-section elementor-section-boxed elementor-section-height-default elementor-section-height-default\" data-id=\"464c9f4\" data-element_type=\"section\" data-settings=\"{&quot;background_background&quot;:&quot;classic&quot;}\">\n\t\t\t\t\t\t<div class=\"elementor-container elementor-column-gap-narrow\">\n\t\t\t\t\t\t\t<div class=\"elementor-row\">\n\t\t\t\t\t<div class=\"elementor-column elementor-col-50 elementor-top-column elementor-element elementor-element-70631d1 contact-column-content\" data-id=\"70631d1\" data-element_type=\"column\">\n\t\t\t<div class=\"elementor-column-wrap elementor-element-populated\">\n\t\t\t\t\t\t\t<div class=\"elementor-widget-wrap\">\n\t\t\t\t\t\t<div class=\"elementor-element elementor-element-e5838f4 contact-content elementor-widget elementor-widget-text-editor\" data-id=\"e5838f4\" data-element_type=\"widget\" data-widget_type=\"text-editor.default\">\n\t\t\t\t<div class=\"elementor-widget-container\">\n\t\t\t\t\t\t\t\t<div class=\"elementor-text-editor elementor-clearfix\">\n\t\t\t\t<h1>Contact us<\/h1><h2>FABRICE JUAN<\/h2><h3>FRENCH STYLE INTERIORS<\/h3><p><a href=\"contact@fabricejuan.com\">contact@fabricejuan.com<\/a><br \/><br \/>P. <a href=\"tel:+33142330228\">+33\u00a01 42 33 02 28\u00a0<\/a><\/p><p>350 rue Saint Honor\u00e9 &#8211; 75001 Paris<\/p>\t\t\t\t\t<\/div>\n\t\t\t\t\t\t<\/div>\n\t\t\t\t<\/div>\n\t\t\t\t\t\t<\/div>\n\t\t\t\t\t<\/div>\n\t\t<\/div>\n\t\t\t\t<div class=\"elementor-column elementor-col-50 elementor-top-column elementor-element elementor-element-6558cb6 contact-content-image\" data-id=\"6558cb6\" data-element_type=\"column\">\n\t\t\t<div class=\"elementor-column-wrap elementor-element-populated\">\n\t\t\t\t\t\t\t<div class=\"elementor-widget-wrap\">\n\t\t\t\t\t\t<div class=\"elementor-element elementor-element-208a8a6 elementor-widget elementor-widget-image\" data-id=\"208a8a6\" data-element_type=\"widget\" data-widget_type=\"image.default\">\n\t\t\t\t<div class=\"elementor-widget-container\">\n\t\t\t\t\t\t\t\t<div class=\"wow animate-unzoom elementor-image\">\n\t\t\t\t\t\t\t\t\t\t\t\t<img decoding=\"async\" width=\"966\" height=\"1024\" src=\"https:\/\/www.fabricejuan.com\/wp-content\/uploads\/2019\/02\/01-CONTACT-1-1-966x1024.jpg\" class=\"attachment-large size-large wp-image-1397\" alt=\"\" loading=\"lazy\" srcset=\"https:\/\/www.fabricejuan.com\/wp-content\/uploads\/2019\/02\/01-CONTACT-1-1-966x1024.jpg 966w, https:\/\/www.fabricejuan.com\/wp-content\/uploads\/2019\/02\/01-CONTACT-1-1-283x300.jpg 283w, https:\/\/www.fabricejuan.com\/wp-content\/uploads\/2019\/02\/01-CONTACT-1-1-768x814.jpg 768w, https:\/\/www.fabricejuan.com\/wp-content\/uploads\/2019\/02\/01-CONTACT-1-1-1199x1272.jpg 1199w, https:\/\/www.fabricejuan.com\/wp-content\/uploads\/2019\/02\/01-CONTACT-1-1-849x900.jpg 849w, https:\/\/www.fabricejuan.com\/wp-content\/uploads\/2019\/02\/01-CONTACT-1-1.jpg 1200w\" sizes=\"(max-width: 966px) 100vw, 966px\" \/>\t\t\t\t\t\t\t\t\t\t\t\t\t\t<\/div>\n\t\t\t\t\t\t<\/div>\n\t\t\t\t<\/div>\n\t\t\t\t\t\t<\/div>\n\t\t\t\t\t<\/div>\n\t\t<\/div>\n\t\t\t\t\t\t\t\t<\/div>\n\t\t\t\t\t<\/div>\n\t\t<\/section>\n\t\t\t\t<section class=\"elementor-section elementor-top-section elementor-element elementor-element-3584b20 elementor-section-full_width elementor-section-height-default elementor-section-height-default\" data-id=\"3584b20\" data-element_type=\"section\">\n\t\t\t\t\t\t<div class=\"elementor-container elementor-column-gap-no\">\n\t\t\t\t\t\t\t<div class=\"elementor-row\">\n\t\t\t\t\t<div class=\"elementor-column elementor-col-100 elementor-top-column elementor-element elementor-element-d46a924\" data-id=\"d46a924\" data-element_type=\"column\">\n\t\t\t<div class=\"elementor-column-wrap elementor-element-populated\">\n\t\t\t\t\t\t\t<div class=\"elementor-widget-wrap\">\n\t\t\t\t\t\t<div class=\"elementor-element elementor-element-0d47edd elementor-widget elementor-widget-void-section-cf7\" data-id=\"0d47edd\" data-element_type=\"widget\" data-widget_type=\"void-section-cf7.default\">\n\t\t\t\t<div class=\"elementor-widget-container\">\n\t\t\t<div class=\"void-cf7-form-widget-wrapper elementor-shortcode void-cf7-0\" data-void-cf7-contact-form-id=\"143\"><div role=\"form\" class=\"wpcf7\" id=\"wpcf7-f2067-o1\" lang=\"en-US\" dir=\"ltr\">\n<div class=\"screen-reader-response\"><\/div>\n<form action=\"\/en\/wp-json\/wp\/v2\/pages\/1803#wpcf7-f2067-o1\" method=\"post\" class=\"wpcf7-form\" novalidate=\"novalidate\">\n<div style=\"display: none;\">\n<input type=\"hidden\" name=\"_wpcf7\" value=\"2067\" \/>\n<input type=\"hidden\" name=\"_wpcf7_version\" value=\"5.1.1\" \/>\n<input type=\"hidden\" name=\"_wpcf7_locale\" value=\"en_US\" \/>\n<input type=\"hidden\" name=\"_wpcf7_unit_tag\" value=\"wpcf7-f2067-o1\" \/>\n<input type=\"hidden\" name=\"_wpcf7_container_post\" value=\"0\" \/>\n<input type=\"hidden\" name=\"g-recaptcha-response\" value=\"\" \/>\n<\/div>\n<input type=\"hidden\" name=\"furniture-name\" value=\"\" class=\"wpcf7-form-control wpcf7-hidden\" \/>\n<div class=\"form-intro\">\n<h1 class=\"title\">Contact us<\/h1>\n<p> If you would like more information, please contact us by completing the form below. <\/p>\n<\/div>\n<div class=\"row form-row\">\n<div class=\"col-3\">\n<div class=\"input-group input-group-text\">\n<label for=\"lastname\" class=\"input-label\">Name<\/label><br \/>\n<span class=\"wpcf7-form-control-wrap lastname\"><input type=\"text\" name=\"lastname\" value=\"\" size=\"40\" class=\"wpcf7-form-control wpcf7-text wpcf7-validates-as-required input-control\" aria-required=\"true\" aria-invalid=\"false\" placeholder=\"Name *\" \/><\/span>\n<\/div>\n<div class=\"input-group input-group-text\">\n<label for=\"firstname\" class=\"input-label\">First name<\/label><br \/>\n<span class=\"wpcf7-form-control-wrap firstname\"><input type=\"text\" name=\"firstname\" value=\"\" size=\"40\" class=\"wpcf7-form-control wpcf7-text wpcf7-validates-as-required input-control\" aria-required=\"true\" aria-invalid=\"false\" placeholder=\"First name *\" \/><\/span>\n<\/div>\n<div class=\"input-group input-group-text\">\n<label for=\"email\" class=\"input-label\">E-mail<\/label><br \/>\n<span class=\"wpcf7-form-control-wrap email\"><input type=\"email\" name=\"email\" value=\"\" size=\"40\" class=\"wpcf7-form-control wpcf7-text wpcf7-email wpcf7-validates-as-required wpcf7-validates-as-email input-control\" aria-required=\"true\" aria-invalid=\"false\" placeholder=\"Email *\" \/><\/span>\n<\/div>\n<div class=\"input-group input-group-text\">\n<label for=\"phone\" class=\"input-label\">Phone<\/label><br \/>\n<span class=\"wpcf7-form-control-wrap phone\"><input type=\"text\" name=\"phone\" value=\"\" size=\"40\" class=\"wpcf7-form-control wpcf7-text input-control\" aria-invalid=\"false\" placeholder=\"Phone\" \/><\/span>\n<\/div>\n<\/div>\n<div class=\"col-5\">\n<div class=\"input-group input-group-text\">\n<label for=\"subject\" class=\"input-label\">Subject<\/label><br \/>\n<span class=\"wpcf7-form-control-wrap subject\"><input type=\"text\" name=\"subject\" value=\"\" size=\"40\" class=\"wpcf7-form-control wpcf7-text input-control\" aria-invalid=\"false\" placeholder=\"Subject\" \/><\/span>\n<\/div>\n<div class=\"input-group input-group-textarea\">\n<label for=\"message\" class=\"input-label\">Message<\/label><br \/>\n<span class=\"wpcf7-form-control-wrap message\"><textarea name=\"message\" cols=\"80\" rows=\"3\" class=\"wpcf7-form-control wpcf7-textarea wpcf7-validates-as-required input-control\" aria-required=\"true\" aria-invalid=\"false\" placeholder=\"Message *\"><\/textarea><\/span>\n<\/div>\n<\/div>\n<\/div>\n<div class=\"row form-row\">\n<div class=\"col-8 button-group centered\">\n<button type=\"submit\" class=\"button button--form button--gold with-recaptcha\">Send<\/button>\n<\/div>\n<\/div>\n<script type='text\/javascript'>\n\n\t\t\t\t\t\tif(contactform === undefined){\n\t\t\t\t\t\t\tvar contactform = [];\n\t\t\t\t\t\t}\n\t\t\t\t\t\tvar innerVal = [2067,'mail_sent_ok','Thank you for your message. It has been sent.'];\n\t\t\t\t\t\tcontactform.push(innerVal);\n\t\t\t\t\t\tvar innerVal = [2067,'mail_sent_ng','There was an error trying to send your message. Please try again later.'];\n\t\t\t\t\t\tcontactform.push(innerVal);\n\t\t\t\t\t\tvar innerVal = [2067,'validation_error','One or more fields have an error. Please check and try again.'];\n\t\t\t\t\t\tcontactform.push(innerVal);\n\t\t\t\t\t\tvar innerVal = [2067,'spam','There was an error trying to send your message. Please try again later.'];\n\t\t\t\t\t\tcontactform.push(innerVal);\n\t\t\t\t\t\tvar innerVal = [2067,'accept_terms','You must accept the terms and conditions before sending your message.'];\n\t\t\t\t\t\tcontactform.push(innerVal);\n\t\t\t\t\t\tvar innerVal = [2067,'invalid_required','The field is required.'];\n\t\t\t\t\t\tcontactform.push(innerVal);\n\t\t\t\t\t\tvar innerVal = [2067,'invalid_too_long','The field is too long.'];\n\t\t\t\t\t\tcontactform.push(innerVal);\n\t\t\t\t\t\tvar innerVal = [2067,'invalid_too_short','The field is too short.'];\n\t\t\t\t\t\tcontactform.push(innerVal);\n\t\t\t\t\t\tvar innerVal = [2067,'invalid_date','The date format is incorrect.'];\n\t\t\t\t\t\tcontactform.push(innerVal);\n\t\t\t\t\t\tvar innerVal = [2067,'date_too_early','The date is before the earliest one allowed.'];\n\t\t\t\t\t\tcontactform.push(innerVal);\n\t\t\t\t\t\tvar innerVal = [2067,'date_too_late','There was an unknown error uploading the file.'];\n\t\t\t\t\t\tcontactform.push(innerVal);\n\t\t\t\t\t\tvar innerVal = [2067,'upload_failed','You are not allowed to upload files of this type.'];\n\t\t\t\t\t\tcontactform.push(innerVal);\n\t\t\t\t\t\tvar innerVal = [2067,'upload_file_type_invalid','The file is too big.'];\n\t\t\t\t\t\tcontactform.push(innerVal);\n\t\t\t\t\t\tvar innerVal = [2067,'upload_file_too_large','The file is too big.'];\n\t\t\t\t\t\tcontactform.push(innerVal);\n\t\t\t\t\t\tvar innerVal = [2067,'upload_failed_php_error','There was an error uploading the file.'];\n\t\t\t\t\t\tcontactform.push(innerVal);\n\t\t\t\t\t\tvar innerVal = [2067,'invalid_number','The number format is invalid.'];\n\t\t\t\t\t\tcontactform.push(innerVal);\n\t\t\t\t\t\tvar innerVal = [2067,'number_too_small','The number is smaller than the minimum allowed.'];\n\t\t\t\t\t\tcontactform.push(innerVal);\n\t\t\t\t\t\tvar innerVal = [2067,'number_too_large','The number is larger than the maximum allowed.'];\n\t\t\t\t\t\tcontactform.push(innerVal);\n\t\t\t\t\t\tvar innerVal = [2067,'quiz_answer_not_correct','The answer to the quiz is incorrect.'];\n\t\t\t\t\t\tcontactform.push(innerVal);\n\t\t\t\t\t\tvar innerVal = [2067,'captcha_not_match','Your entered code is incorrect.'];\n\t\t\t\t\t\tcontactform.push(innerVal);\n\t\t\t\t\t\tvar innerVal = [2067,'invalid_email','The e-mail address entered is invalid.'];\n\t\t\t\t\t\tcontactform.push(innerVal);\n\t\t\t\t\t\tvar innerVal = [2067,'invalid_url','The URL is invalid.'];\n\t\t\t\t\t\tcontactform.push(innerVal);\n\t\t\t\t\t\tvar innerVal = [2067,'invalid_tel','The telephone number is invalid.'];\n\t\t\t\t\t\tcontactform.push(innerVal);\n\t\t\t\t\t\tvar innerVal = [2067,'gdpr',''];\n\t\t\t\t\t\tcontactform.push(innerVal);\n\t\t\t\t\t\t<\/script><div class=\"wpcf7-response-output wpcf7-display-none\"><\/div><\/form><\/div><\/div>\t\t<\/div>\n\t\t\t\t<\/div>\n\t\t\t\t\t\t<\/div>\n\t\t\t\t\t<\/div>\n\t\t<\/div>\n\t\t\t\t\t\t\t\t<\/div>\n\t\t\t\t\t<\/div>\n\t\t<\/section>\n\t\t\t\t\t\t\t\t\t<\/div>\n\t\t\t<\/div>\n\t\t\t\t\t<\/div>\n\t\t","protected":false},"excerpt":{"rendered":"<p>Contact us FABRICE JUAN FRENCH STYLE INTERIORS contact@fabricejuan.com P. +33\u00a01 42 33 02 28\u00a0 350 rue Saint Honor\u00e9 &#8211; 75001 Paris Contactez-nous Si vous d\u00e9sirez plus d&#8217;informations, veuillez nous contacter en remplissant le formulaire ci-dessous. Nom* Pr\u00e9nom* E-mail* T\u00e9l\u00e9phone Sujet Message Envoyer<\/p>\n","protected":false},"author":1,"featured_media":0,"parent":0,"menu_order":0,"comment_status":"closed","ping_status":"closed","template":"","meta":[],"yoast_head":"<!-- This site is optimized with the Yoast SEO plugin v20.1 - https:\/\/yoast.com\/wordpress\/plugins\/seo\/ -->\n<title>Contact us - Fabrice Juan<\/title>\n<meta name=\"robots\" content=\"index, follow, max-snippet:-1, max-image-preview:large, max-video-preview:-1\" \/>\n<link rel=\"canonical\" href=\"https:\/\/www.fabricejuan.com\/en\/contact-us\/\" \/>\n<meta property=\"og:locale\" content=\"en_US\" \/>\n<meta property=\"og:type\" content=\"article\" \/>\n<meta property=\"og:title\" content=\"Contact us - Fabrice Juan\" \/>\n<meta property=\"og:description\" content=\"Contact us FABRICE JUAN FRENCH STYLE INTERIORS contact@fabricejuan.com P. +33\u00a01 42 33 02 28\u00a0 350 rue Saint Honor\u00e9 &#8211; 75001 Paris Contactez-nous Si vous d\u00e9sirez plus d&#8217;informations, veuillez nous contacter en remplissant le formulaire ci-dessous. Nom* Pr\u00e9nom* E-mail* T\u00e9l\u00e9phone Sujet Message Envoyer\" \/>\n<meta property=\"og:url\" content=\"https:\/\/www.fabricejuan.com\/en\/contact-us\/\" \/>\n<meta property=\"og:site_name\" content=\"Fabrice Juan\" \/>\n<meta property=\"article:modified_time\" content=\"2021-06-30T10:50:23+00:00\" \/>\n<meta property=\"og:image\" content=\"https:\/\/www.fabricejuan.com\/wp-content\/uploads\/2019\/02\/01-CONTACT-1-1-966x1024.jpg\" \/>\n<meta name=\"twitter:card\" content=\"summary_large_image\" \/>\n<script type=\"application\/ld+json\" class=\"yoast-schema-graph\">{\"@context\":\"https:\/\/schema.org\",\"@graph\":[{\"@type\":\"WebPage\",\"@id\":\"https:\/\/www.fabricejuan.com\/en\/contact-us\/\",\"url\":\"https:\/\/www.fabricejuan.com\/en\/contact-us\/\",\"name\":\"Contact us - Fabrice Juan\",\"isPartOf\":{\"@id\":\"https:\/\/www.fabricejuan.com\/en\/#website\"},\"datePublished\":\"2019-01-28T13:32:29+00:00\",\"dateModified\":\"2021-06-30T10:50:23+00:00\",\"breadcrumb\":{\"@id\":\"https:\/\/www.fabricejuan.com\/en\/contact-us\/#breadcrumb\"},\"inLanguage\":\"en-US\",\"potentialAction\":[{\"@type\":\"ReadAction\",\"target\":[\"https:\/\/www.fabricejuan.com\/en\/contact-us\/\"]}]},{\"@type\":\"BreadcrumbList\",\"@id\":\"https:\/\/www.fabricejuan.com\/en\/contact-us\/#breadcrumb\",\"itemListElement\":[{\"@type\":\"ListItem\",\"position\":1,\"name\":\"Accueil\",\"item\":\"https:\/\/www.fabricejuan.com\/en\/\"},{\"@type\":\"ListItem\",\"position\":2,\"name\":\"Contact us\"}]},{\"@type\":\"WebSite\",\"@id\":\"https:\/\/www.fabricejuan.com\/en\/#website\",\"url\":\"https:\/\/www.fabricejuan.com\/en\/\",\"name\":\"Fabrice Juan\",\"description\":\"\",\"potentialAction\":[{\"@type\":\"SearchAction\",\"target\":{\"@type\":\"EntryPoint\",\"urlTemplate\":\"https:\/\/www.fabricejuan.com\/en\/?s={search_term_string}\"},\"query-input\":\"required name=search_term_string\"}],\"inLanguage\":\"en-US\"}]}<\/script>\n<!-- \/ Yoast SEO plugin. -->","yoast_head_json":{"title":"Contact us - Fabrice Juan","robots":{"index":"index","follow":"follow","max-snippet":"max-snippet:-1","max-image-preview":"max-image-preview:large","max-video-preview":"max-video-preview:-1"},"canonical":"https:\/\/www.fabricejuan.com\/en\/contact-us\/","og_locale":"en_US","og_type":"article","og_title":"Contact us - Fabrice Juan","og_description":"Contact us FABRICE JUAN FRENCH STYLE INTERIORS contact@fabricejuan.com P. +33\u00a01 42 33 02 28\u00a0 350 rue Saint Honor\u00e9 &#8211; 75001 Paris Contactez-nous Si vous d\u00e9sirez plus d&#8217;informations, veuillez nous contacter en remplissant le formulaire ci-dessous. Nom* Pr\u00e9nom* E-mail* T\u00e9l\u00e9phone Sujet Message Envoyer","og_url":"https:\/\/www.fabricejuan.com\/en\/contact-us\/","og_site_name":"Fabrice Juan","article_modified_time":"2021-06-30T10:50:23+00:00","og_image":[{"url":"https:\/\/www.fabricejuan.com\/wp-content\/uploads\/2019\/02\/01-CONTACT-1-1-966x1024.jpg"}],"twitter_card":"summary_large_image","schema":{"@context":"https:\/\/schema.org","@graph":[{"@type":"WebPage","@id":"https:\/\/www.fabricejuan.com\/en\/contact-us\/","url":"https:\/\/www.fabricejuan.com\/en\/contact-us\/","name":"Contact us - Fabrice Juan","isPartOf":{"@id":"https:\/\/www.fabricejuan.com\/en\/#website"},"datePublished":"2019-01-28T13:32:29+00:00","dateModified":"2021-06-30T10:50:23+00:00","breadcrumb":{"@id":"https:\/\/www.fabricejuan.com\/en\/contact-us\/#breadcrumb"},"inLanguage":"en-US","potentialAction":[{"@type":"ReadAction","target":["https:\/\/www.fabricejuan.com\/en\/contact-us\/"]}]},{"@type":"BreadcrumbList","@id":"https:\/\/www.fabricejuan.com\/en\/contact-us\/#breadcrumb","itemListElement":[{"@type":"ListItem","position":1,"name":"Accueil","item":"https:\/\/www.fabricejuan.com\/en\/"},{"@type":"ListItem","position":2,"name":"Contact us"}]},{"@type":"WebSite","@id":"https:\/\/www.fabricejuan.com\/en\/#website","url":"https:\/\/www.fabricejuan.com\/en\/","name":"Fabrice Juan","description":"","potentialAction":[{"@type":"SearchAction","target":{"@type":"EntryPoint","urlTemplate":"https:\/\/www.fabricejuan.com\/en\/?s={search_term_string}"},"query-input":"required name=search_term_string"}],"inLanguage":"en-US"}]}},"_links":{"self":[{"href":"https:\/\/www.fabricejuan.com\/en\/wp-json\/wp\/v2\/pages\/1803"}],"collection":[{"href":"https:\/\/www.fabricejuan.com\/en\/wp-json\/wp\/v2\/pages"}],"about":[{"href":"https:\/\/www.fabricejuan.com\/en\/wp-json\/wp\/v2\/types\/page"}],"author":[{"embeddable":true,"href":"https:\/\/www.fabricejuan.com\/en\/wp-json\/wp\/v2\/users\/1"}],"replies":[{"embeddable":true,"href":"https:\/\/www.fabricejuan.com\/en\/wp-json\/wp\/v2\/comments?post=1803"}],"version-history":[{"count":16,"href":"https:\/\/www.fabricejuan.com\/en\/wp-json\/wp\/v2\/pages\/1803\/revisions"}],"predecessor-version":[{"id":4598,"href":"https:\/\/www.fabricejuan.com\/en\/wp-json\/wp\/v2\/pages\/1803\/revisions\/4598"}],"wp:attachment":[{"href":"https:\/\/www.fabricejuan.com\/en\/wp-json\/wp\/v2\/media?parent=1803"}],"curies":[{"name":"wp","href":"https:\/\/api.w.org\/{rel}","templated":true}]}}