{"id":1684,"date":"2019-04-03T14:59:11","date_gmt":"2019-04-03T12:59:11","guid":{"rendered":"https:\/\/staging.u7ed1d.fabricejuan.com\/?page_id=1684"},"modified":"2020-09-23T11:41:24","modified_gmt":"2020-09-23T09:41:24","slug":"legal","status":"publish","type":"page","link":"https:\/\/www.fabricejuan.com\/en\/legal\/","title":{"rendered":"Legal"},"content":{"rendered":"\t\t<div data-elementor-type=\"wp-post\" data-elementor-id=\"1684\" class=\"elementor elementor-1684 elementor-1229\">\n\t\t\t\t\t\t<div class=\"elementor-inner\">\n\t\t\t\t<div class=\"elementor-section-wrap\">\n\t\t\t\t\t\t\t\t\t<section class=\"elementor-section elementor-top-section elementor-element elementor-element-18d526b9 elementor-section-boxed elementor-section-height-default elementor-section-height-default\" data-id=\"18d526b9\" data-element_type=\"section\" data-settings=\"{&quot;background_background&quot;:&quot;classic&quot;}\">\n\t\t\t\t\t\t<div class=\"elementor-container elementor-column-gap-default\">\n\t\t\t\t\t\t\t<div class=\"elementor-row\">\n\t\t\t\t\t<div class=\"elementor-column elementor-col-100 elementor-top-column elementor-element elementor-element-64c5c5fb\" data-id=\"64c5c5fb\" data-element_type=\"column\">\n\t\t\t<div class=\"elementor-column-wrap elementor-element-populated\">\n\t\t\t\t\t\t\t<div class=\"elementor-widget-wrap\">\n\t\t\t\t\t\t<div class=\"elementor-element elementor-element-2ba4eb20 elementor-widget elementor-widget-text-editor\" data-id=\"2ba4eb20\" data-element_type=\"widget\" data-widget_type=\"text-editor.default\">\n\t\t\t\t<div class=\"elementor-widget-container\">\n\t\t\t\t\t\t\t\t<div class=\"elementor-text-editor elementor-clearfix\">\n\t\t\t\t\n<h2>\u00a0<\/h2>\n<h2>Photographies<\/h2>\n<p>Interiors : I\u00e9na : Photographe \u00a9 St\u00e9phan Julliard<br \/>Interiors : Trocad\u00e9ro \/ Eylau \/ Neuilly sur Seine \/ 1926 : Photographe \u00a9 Xavier Bejot<br \/>Mobiliers \/ Histoire d\u2019Artisans : Photographe \u00a9 Maurine Tric<\/p>\n<p>Toutes les photographies pr\u00e9sentes sur ce site sont, sauf mention contraire, la propri\u00e9t\u00e9 exclusive de la soci\u00e9t\u00e9 Fabrice Juan, celle-ci ne conc\u00e9dant aucune licence, ni aucun autre droit que celui de consulter le site.<\/p>\n<h2>\u00a0<\/h2>\n<h2>Mentions l\u00e9gales<\/h2>\n<p>Le pr\u00e9sent site est la propri\u00e9t\u00e9 de Fabrice Juan Architecture d&#8217;Int\u00e9rieur, soci\u00e9t\u00e9 \u00e0 responsabilit\u00e9 limit\u00e9e au capital de 5 000 \u20ac, immatricul\u00e9e au registre du commerce et des soci\u00e9t\u00e9s de Nanterre sous le num\u00e9ro 538 113 838, code APE 7410Z et num\u00e9ro de TVA intracommunautaire FR 14 538 113 838. Le si\u00e8ge social de Fabrice Juan Architecture d&#8217;Int\u00e9rieur se trouve au 3 Place du G\u00e9n\u00e9ral Leclerc \u2013 92250 La Garenne Colombes \u2013 France et vous pouvez nous \u00e9crire \u00e0 l\u2019adresse contact@fabricejuan.com. Fabrice Juan est le responsable de la publication.<\/p>\n<p>Le site www.fabricejuan.com est h\u00e9berg\u00e9 par OVH, soci\u00e9t\u00e9 par actions simplifi\u00e9e enregistr\u00e9e au RCS de Lille M\u00e9tropole sous le num\u00e9ro 424 761 419. Le si\u00e8ge social d\u2019OVH est situ\u00e9 au 2 rue Kellermann \u2013 59100 Roubaix \u2013 France et vous pouvez contacter OVH par t\u00e9l\u00e9phone au 0 820 698 765.<\/p>\n<p>La conception de l\u2019identit\u00e9 graphique de ce site a \u00e9t\u00e9 r\u00e9alis\u00e9 par l\u2019agence Marc &amp; Brandon, soci\u00e9t\u00e9 \u00e0 responsabilit\u00e9 limit\u00e9e enregistr\u00e9e au RCS de Paris sous le num\u00e9ro de 817 411 614. Pour plus d\u2019informations : www.marc-brandon.com<\/p>\n<p>Les logos ou toute autre information, textes, photographies, graphismes et autres documents sur ce site sont la propri\u00e9t\u00e9 intellectuelle de Fabrice Juan, ou sont reproduits avec l\u2019autorisation de leurs propri\u00e9taires, et sont soumis au droit d\u2019auteur et autres droits de propri\u00e9t\u00e9 intellectuelle. En conformit\u00e9 avec les articles L. 716-1 et suivants du Code de la propri\u00e9t\u00e9 intellectuelle, toute reproduction totale ou partielle de ses marques et logos sans l\u2019autorisation de Fabrice Juan est prohib\u00e9e, quel que soit le cadre et les supports utilis\u00e9s pour cette utilisation est passible de sanctions, notamment p\u00e9nales. Le fait d\u2019acc\u00e9der et de naviguer sur le site constitue de la part de l\u2019internaute une acceptation sans r\u00e9serve des pr\u00e9cisions suivantes.<\/p>\n<p>Notre site utilise des cookies afin de m\u00e9moriser vos pr\u00e9f\u00e9rences et d\u2019optimiser votre navigation. Fabrice Juan collecte uniquement les informations nominatives que vous soumettez volontairement. Dans le cas o\u00f9 vous pr\u00e9f\u00e9reriez que nous ne collections pas d\u2019informations nominatives vous concernant, nous vous remercions de vous abstenir de nous fournir de telles informations. Vous pouvez visiter et consulter www.fabricejuan.com sans r\u00e9v\u00e9ler d\u2019informations personnelles \u00e0 votre sujet. La soci\u00e9t\u00e9 Fabrice Juan pourra utiliser les donn\u00e9es personnelles collect\u00e9es sur le site \u00e0 plusieurs fins : pour apporter un service et une aide aux utilisateurs ; pour am\u00e9liorer le site, notamment pour l\u2019adaptation du site aux pr\u00e9f\u00e9rences des utilisateurs ; pour informer les utilisateurs ; pour r\u00e9pondre \u00e0 vos requ\u00eates et commentaires ; pour maintenir la s\u00e9curit\u00e9 et l\u2019int\u00e9grit\u00e9 de ses syst\u00e8mes.<\/p>\n<p>Les donn\u00e9es \u00e0 caract\u00e8re personnel ne seront pas communiqu\u00e9es \u00e0 des tiers pour des utilisations marketing sans votre consentement. Fabrice Juan pourra choisir d\u2019autres soci\u00e9t\u00e9s ou personnes en vue d\u2019effectuer certaines t\u00e2ches pour son compte. De tels tiers pourront avoir acc\u00e8s aux informations nominatives n\u00e9cessaires \u00e0 l\u2019accomplissement de leurs t\u00e2ches, mais ils ne pourront en aucun cas utiliser les dites informations dans un autre but. Nous pourrons r\u00e9v\u00e9ler toute information, y compris des informations nominatives, \u00e0 notre enti\u00e8re discr\u00e9tion, de mani\u00e8re \u00e0 nous conformer \u00e0 toute loi, tout r\u00e8glement, toute action en justice ou toute injonction administrative.<\/p>\n<p>Veuillez noter que nos droits \u00e0 utiliser vos donn\u00e9es \u00e0 caract\u00e8re personnel sont li\u00e9s aux mentions l\u00e9gales effectives au moment o\u00f9 l\u2019information a \u00e9t\u00e9 utilis\u00e9e. Vous avez la possibilit\u00e9 de consulter, de modifier et de corriger les informations nominatives que vous nous avez fournies en \u00e9crivant <a href=\"mailto:contact@fabricejuan.com\">contact@fabricejuan.com<\/a>.<\/p>\t\t\t\t\t<\/div>\n\t\t\t\t\t\t<\/div>\n\t\t\t\t<\/div>\n\t\t\t\t\t\t<\/div>\n\t\t\t\t\t<\/div>\n\t\t<\/div>\n\t\t\t\t\t\t\t\t<\/div>\n\t\t\t\t\t<\/div>\n\t\t<\/section>\n\t\t\t\t\t\t\t\t\t<\/div>\n\t\t\t<\/div>\n\t\t\t\t\t<\/div>\n\t\t","protected":false},"excerpt":{"rendered":"<p>\u00a0 Photographies Interiors : I\u00e9na : Photographe \u00a9 St\u00e9phan JulliardInteriors : Trocad\u00e9ro \/ Eylau \/ Neuilly sur Seine \/ 1926 : Photographe \u00a9 Xavier BejotMobiliers \/ Histoire d\u2019Artisans : Photographe \u00a9 Maurine Tric Toutes les photographies pr\u00e9sentes sur ce site sont, sauf mention contraire, la propri\u00e9t\u00e9 exclusive de la soci\u00e9t\u00e9 Fabrice Juan, celle-ci ne conc\u00e9dant [&hellip;]<\/p>\n","protected":false},"author":1,"featured_media":0,"parent":0,"menu_order":0,"comment_status":"closed","ping_status":"closed","template":"","meta":[],"yoast_head":"<!-- This site is optimized with the Yoast SEO plugin v20.1 - https:\/\/yoast.com\/wordpress\/plugins\/seo\/ -->\n<title>Legal - Fabrice Juan<\/title>\n<meta name=\"robots\" content=\"index, follow, max-snippet:-1, max-image-preview:large, max-video-preview:-1\" \/>\n<link rel=\"canonical\" href=\"https:\/\/www.fabricejuan.com\/en\/legal\/\" \/>\n<meta property=\"og:locale\" content=\"en_US\" \/>\n<meta property=\"og:type\" content=\"article\" \/>\n<meta property=\"og:title\" content=\"Legal - Fabrice Juan\" \/>\n<meta property=\"og:description\" content=\"\u00a0 Photographies Interiors : I\u00e9na : Photographe \u00a9 St\u00e9phan JulliardInteriors : Trocad\u00e9ro \/ Eylau \/ Neuilly sur Seine \/ 1926 : Photographe \u00a9 Xavier BejotMobiliers \/ Histoire d\u2019Artisans : Photographe \u00a9 Maurine Tric Toutes les photographies pr\u00e9sentes sur ce site sont, sauf mention contraire, la propri\u00e9t\u00e9 exclusive de la soci\u00e9t\u00e9 Fabrice Juan, celle-ci ne conc\u00e9dant [&hellip;]\" \/>\n<meta property=\"og:url\" content=\"https:\/\/www.fabricejuan.com\/en\/legal\/\" \/>\n<meta property=\"og:site_name\" content=\"Fabrice Juan\" \/>\n<meta property=\"article:modified_time\" content=\"2020-09-23T09:41:24+00:00\" \/>\n<meta name=\"twitter:card\" content=\"summary_large_image\" \/>\n<meta name=\"twitter:label1\" content=\"Est. reading time\" \/>\n\t<meta name=\"twitter:data1\" content=\"3 minutes\" \/>\n<script type=\"application\/ld+json\" class=\"yoast-schema-graph\">{\"@context\":\"https:\/\/schema.org\",\"@graph\":[{\"@type\":\"WebPage\",\"@id\":\"https:\/\/www.fabricejuan.com\/en\/legal\/\",\"url\":\"https:\/\/www.fabricejuan.com\/en\/legal\/\",\"name\":\"Legal - Fabrice Juan\",\"isPartOf\":{\"@id\":\"https:\/\/www.fabricejuan.com\/en\/#website\"},\"datePublished\":\"2019-04-03T12:59:11+00:00\",\"dateModified\":\"2020-09-23T09:41:24+00:00\",\"breadcrumb\":{\"@id\":\"https:\/\/www.fabricejuan.com\/en\/legal\/#breadcrumb\"},\"inLanguage\":\"en-US\",\"potentialAction\":[{\"@type\":\"ReadAction\",\"target\":[\"https:\/\/www.fabricejuan.com\/en\/legal\/\"]}]},{\"@type\":\"BreadcrumbList\",\"@id\":\"https:\/\/www.fabricejuan.com\/en\/legal\/#breadcrumb\",\"itemListElement\":[{\"@type\":\"ListItem\",\"position\":1,\"name\":\"Accueil\",\"item\":\"https:\/\/www.fabricejuan.com\/en\/\"},{\"@type\":\"ListItem\",\"position\":2,\"name\":\"Legal\"}]},{\"@type\":\"WebSite\",\"@id\":\"https:\/\/www.fabricejuan.com\/en\/#website\",\"url\":\"https:\/\/www.fabricejuan.com\/en\/\",\"name\":\"Fabrice Juan\",\"description\":\"\",\"potentialAction\":[{\"@type\":\"SearchAction\",\"target\":{\"@type\":\"EntryPoint\",\"urlTemplate\":\"https:\/\/www.fabricejuan.com\/en\/?s={search_term_string}\"},\"query-input\":\"required name=search_term_string\"}],\"inLanguage\":\"en-US\"}]}<\/script>\n<!-- \/ Yoast SEO plugin. -->","yoast_head_json":{"title":"Legal - Fabrice Juan","robots":{"index":"index","follow":"follow","max-snippet":"max-snippet:-1","max-image-preview":"max-image-preview:large","max-video-preview":"max-video-preview:-1"},"canonical":"https:\/\/www.fabricejuan.com\/en\/legal\/","og_locale":"en_US","og_type":"article","og_title":"Legal - Fabrice Juan","og_description":"\u00a0 Photographies Interiors : I\u00e9na : Photographe \u00a9 St\u00e9phan JulliardInteriors : Trocad\u00e9ro \/ Eylau \/ Neuilly sur Seine \/ 1926 : Photographe \u00a9 Xavier BejotMobiliers \/ Histoire d\u2019Artisans : Photographe \u00a9 Maurine Tric Toutes les photographies pr\u00e9sentes sur ce site sont, sauf mention contraire, la propri\u00e9t\u00e9 exclusive de la soci\u00e9t\u00e9 Fabrice Juan, celle-ci ne conc\u00e9dant [&hellip;]","og_url":"https:\/\/www.fabricejuan.com\/en\/legal\/","og_site_name":"Fabrice Juan","article_modified_time":"2020-09-23T09:41:24+00:00","twitter_card":"summary_large_image","twitter_misc":{"Est. reading time":"3 minutes"},"schema":{"@context":"https:\/\/schema.org","@graph":[{"@type":"WebPage","@id":"https:\/\/www.fabricejuan.com\/en\/legal\/","url":"https:\/\/www.fabricejuan.com\/en\/legal\/","name":"Legal - Fabrice Juan","isPartOf":{"@id":"https:\/\/www.fabricejuan.com\/en\/#website"},"datePublished":"2019-04-03T12:59:11+00:00","dateModified":"2020-09-23T09:41:24+00:00","breadcrumb":{"@id":"https:\/\/www.fabricejuan.com\/en\/legal\/#breadcrumb"},"inLanguage":"en-US","potentialAction":[{"@type":"ReadAction","target":["https:\/\/www.fabricejuan.com\/en\/legal\/"]}]},{"@type":"BreadcrumbList","@id":"https:\/\/www.fabricejuan.com\/en\/legal\/#breadcrumb","itemListElement":[{"@type":"ListItem","position":1,"name":"Accueil","item":"https:\/\/www.fabricejuan.com\/en\/"},{"@type":"ListItem","position":2,"name":"Legal"}]},{"@type":"WebSite","@id":"https:\/\/www.fabricejuan.com\/en\/#website","url":"https:\/\/www.fabricejuan.com\/en\/","name":"Fabrice Juan","description":"","potentialAction":[{"@type":"SearchAction","target":{"@type":"EntryPoint","urlTemplate":"https:\/\/www.fabricejuan.com\/en\/?s={search_term_string}"},"query-input":"required name=search_term_string"}],"inLanguage":"en-US"}]}},"_links":{"self":[{"href":"https:\/\/www.fabricejuan.com\/en\/wp-json\/wp\/v2\/pages\/1684"}],"collection":[{"href":"https:\/\/www.fabricejuan.com\/en\/wp-json\/wp\/v2\/pages"}],"about":[{"href":"https:\/\/www.fabricejuan.com\/en\/wp-json\/wp\/v2\/types\/page"}],"author":[{"embeddable":true,"href":"https:\/\/www.fabricejuan.com\/en\/wp-json\/wp\/v2\/users\/1"}],"replies":[{"embeddable":true,"href":"https:\/\/www.fabricejuan.com\/en\/wp-json\/wp\/v2\/comments?post=1684"}],"version-history":[{"count":5,"href":"https:\/\/www.fabricejuan.com\/en\/wp-json\/wp\/v2\/pages\/1684\/revisions"}],"predecessor-version":[{"id":3489,"href":"https:\/\/www.fabricejuan.com\/en\/wp-json\/wp\/v2\/pages\/1684\/revisions\/3489"}],"wp:attachment":[{"href":"https:\/\/www.fabricejuan.com\/en\/wp-json\/wp\/v2\/media?parent=1684"}],"curies":[{"name":"wp","href":"https:\/\/api.w.org\/{rel}","templated":true}]}}